{"id":404,"date":"2023-02-16T16:16:29","date_gmt":"2023-02-16T16:16:29","guid":{"rendered":"https:\/\/tiempos-modernos.com.ar\/centro\/?page_id=404"},"modified":"2023-02-16T16:19:00","modified_gmt":"2023-02-16T16:19:00","slug":"modelo-de-atencion","status":"publish","type":"page","link":"https:\/\/tiempos-modernos.com.ar\/centro\/modelo-de-atencion\/","title":{"rendered":"Modelo de Atenci\u00f2n"},"content":{"rendered":"\t\t<div data-elementor-type=\"wp-page\" data-elementor-id=\"404\" class=\"elementor elementor-404\">\n\t\t\t\t\t\t<section class=\"elementor-section elementor-top-section elementor-element elementor-element-1a38aa3 elementor-section-full_width elementor-section-height-default elementor-section-height-default\" data-id=\"1a38aa3\" data-element_type=\"section\" data-e-type=\"section\" data-settings=\"{&quot;background_background&quot;:&quot;classic&quot;,&quot;shape_divider_bottom&quot;:&quot;mountains&quot;}\">\n\t\t\t\t\t<div class=\"elementor-shape elementor-shape-bottom\" aria-hidden=\"true\" data-negative=\"false\">\n\t\t\t<svg xmlns=\"http:\/\/www.w3.org\/2000\/svg\" viewBox=\"0 0 1000 100\" preserveAspectRatio=\"none\">\n\t<path class=\"elementor-shape-fill\" opacity=\"0.33\" d=\"M473,67.3c-203.9,88.3-263.1-34-320.3,0C66,119.1,0,59.7,0,59.7V0h1000v59.7 c0,0-62.1,26.1-94.9,29.3c-32.8,3.3-62.8-12.3-75.8-22.1C806,49.6,745.3,8.7,694.9,4.7S492.4,59,473,67.3z\"\/>\n\t<path class=\"elementor-shape-fill\" opacity=\"0.66\" d=\"M734,67.3c-45.5,0-77.2-23.2-129.1-39.1c-28.6-8.7-150.3-10.1-254,39.1 s-91.7-34.4-149.2,0C115.7,118.3,0,39.8,0,39.8V0h1000v36.5c0,0-28.2-18.5-92.1-18.5C810.2,18.1,775.7,67.3,734,67.3z\"\/>\n\t<path class=\"elementor-shape-fill\" d=\"M766.1,28.9c-200-57.5-266,65.5-395.1,19.5C242,1.8,242,5.4,184.8,20.6C128,35.8,132.3,44.9,89.9,52.5C28.6,63.7,0,0,0,0 h1000c0,0-9.9,40.9-83.6,48.1S829.6,47,766.1,28.9z\"\/>\n<\/svg>\t\t<\/div>\n\t\t\t\t\t<div class=\"elementor-container elementor-column-gap-default\">\n\t\t\t\t\t<div class=\"elementor-column elementor-col-33 elementor-top-column elementor-element elementor-element-7d2d0562\" data-id=\"7d2d0562\" data-element_type=\"column\" data-e-type=\"column\">\n\t\t\t<div class=\"elementor-widget-wrap\">\n\t\t\t\t\t\t\t<\/div>\n\t\t<\/div>\n\t\t\t\t<div class=\"elementor-column elementor-col-33 elementor-top-column elementor-element elementor-element-7c9cc03\" data-id=\"7c9cc03\" data-element_type=\"column\" data-e-type=\"column\">\n\t\t\t<div class=\"elementor-widget-wrap elementor-element-populated\">\n\t\t\t\t\t\t\t<\/div>\n\t\t<\/div>\n\t\t\t\t<div class=\"elementor-column elementor-col-33 elementor-top-column elementor-element elementor-element-5f865b76\" data-id=\"5f865b76\" data-element_type=\"column\" data-e-type=\"column\">\n\t\t\t<div class=\"elementor-widget-wrap\">\n\t\t\t\t\t\t\t<\/div>\n\t\t<\/div>\n\t\t\t\t\t<\/div>\n\t\t<\/section>\n\t\t\t\t<section class=\"elementor-section elementor-top-section elementor-element elementor-element-78d7032c elementor-section-boxed elementor-section-height-default elementor-section-height-default\" data-id=\"78d7032c\" data-element_type=\"section\" data-e-type=\"section\">\n\t\t\t\t\t\t<div class=\"elementor-container elementor-column-gap-default\">\n\t\t\t\t\t<div class=\"elementor-column elementor-col-50 elementor-top-column elementor-element elementor-element-5e290d7 animated-slow elementor-invisible\" data-id=\"5e290d7\" data-element_type=\"column\" data-e-type=\"column\" data-settings=\"{&quot;background_background&quot;:&quot;slideshow&quot;,&quot;animation&quot;:&quot;fadeIn&quot;,&quot;background_slideshow_gallery&quot;:[{&quot;id&quot;:111,&quot;url&quot;:&quot;http:\\\/\\\/tiempos-modernos.com.ar\\\/centro\\\/wp-content\\\/uploads\\\/2022\\\/05\\\/servicios4.jpg&quot;},{&quot;id&quot;:114,&quot;url&quot;:&quot;http:\\\/\\\/tiempos-modernos.com.ar\\\/centro\\\/wp-content\\\/uploads\\\/2022\\\/05\\\/servicios3.jpg&quot;},{&quot;id&quot;:113,&quot;url&quot;:&quot;http:\\\/\\\/tiempos-modernos.com.ar\\\/centro\\\/wp-content\\\/uploads\\\/2022\\\/05\\\/servicios2.jpg&quot;},{&quot;id&quot;:112,&quot;url&quot;:&quot;http:\\\/\\\/tiempos-modernos.com.ar\\\/centro\\\/wp-content\\\/uploads\\\/2022\\\/05\\\/servicios1.jpg&quot;},{&quot;id&quot;:116,&quot;url&quot;:&quot;http:\\\/\\\/tiempos-modernos.com.ar\\\/centro\\\/wp-content\\\/uploads\\\/2022\\\/05\\\/servicios5.jpg&quot;}],&quot;background_slideshow_transition_duration&quot;:800,&quot;background_slideshow_lazyload&quot;:&quot;yes&quot;,&quot;background_slideshow_ken_burns&quot;:&quot;yes&quot;,&quot;background_slideshow_loop&quot;:&quot;yes&quot;,&quot;background_slideshow_slide_duration&quot;:5000,&quot;background_slideshow_slide_transition&quot;:&quot;fade&quot;,&quot;background_slideshow_ken_burns_zoom_direction&quot;:&quot;in&quot;}\">\n\t\t\t<div class=\"elementor-widget-wrap\">\n\t\t\t\t\t<div class=\"elementor-background-overlay\"><\/div>\n\t\t\t\t\t\t\t<\/div>\n\t\t<\/div>\n\t\t\t\t<div class=\"elementor-column elementor-col-50 elementor-top-column elementor-element elementor-element-a279f02\" data-id=\"a279f02\" data-element_type=\"column\" data-e-type=\"column\">\n\t\t\t<div class=\"elementor-widget-wrap elementor-element-populated\">\n\t\t\t\t\t\t<div class=\"elementor-element elementor-element-4d9bfb18 elementor-widget elementor-widget-text-editor\" data-id=\"4d9bfb18\" data-element_type=\"widget\" data-e-type=\"widget\" data-widget_type=\"text-editor.default\">\n\t\t\t\t<div class=\"elementor-widget-container\">\n\t\t\t\t\t\t\t\t\t<p>Presentamos m\u00faltiples servicios dirigidos a personas mayores aut\u00f3nomas y con alg\u00fan tipo de dependencia que necesiten asistencia diferencial, que busquen un lugar de pertenencia donde realizar actividades socio recreativas y terap\u00e9uticas de tipo art\u00edstico, corporal y de estimulaci\u00f3n cognitiva.<\/p><p>El modelo de Atenci\u00f3n Centrada en la Persona consiste en que las personas mayores son el eje central del servicio, siendo objetivo principal cuidar la dignidad, la autonom\u00eda y la calidad de vida de cada uno. Con este fin, el equipo t\u00e9cnico de Tiempos Modernos, crea intervenciones flexibles y adaptables al grupo en general y a cada persona en particular.<\/p>\t\t\t\t\t\t\t\t<\/div>\n\t\t\t\t<\/div>\n\t\t\t\t\t<\/div>\n\t\t<\/div>\n\t\t\t\t\t<\/div>\n\t\t<\/section>\n\t\t\t\t<\/div>\n\t\t","protected":false},"excerpt":{"rendered":"<p>Presentamos m\u00faltiples servicios dirigidos a personas mayores aut\u00f3nomas y con alg\u00fan tipo de dependencia que necesiten asistencia diferencial, que busquen un lugar de pertenencia donde realizar actividades socio recreativas y terap\u00e9uticas de tipo art\u00edstico, corporal y de estimulaci\u00f3n cognitiva. El modelo de Atenci\u00f3n Centrada en la Persona consiste en que las personas mayores son el [&hellip;]<\/p>\n","protected":false},"author":2,"featured_media":0,"parent":0,"menu_order":0,"comment_status":"closed","ping_status":"closed","template":"","meta":{"site-sidebar-layout":"no-sidebar","site-content-layout":"page-builder","ast-site-content-layout":"default","site-content-style":"default","site-sidebar-style":"default","ast-global-header-display":"","ast-banner-title-visibility":"","ast-main-header-display":"","ast-hfb-above-header-display":"","ast-hfb-below-header-display":"","ast-hfb-mobile-header-display":"","site-post-title":"disabled","ast-breadcrumbs-content":"","ast-featured-img":"disabled","footer-sml-layout":"","ast-disable-related-posts":"","theme-transparent-header-meta":"","adv-header-id-meta":"","stick-header-meta":"","header-above-stick-meta":"","header-main-stick-meta":"","header-below-stick-meta":"","astra-migrate-meta-layouts":"default","ast-page-background-enabled":"default","ast-page-background-meta":{"desktop":{"background-color":"var(--ast-global-color-4)","background-image":"","background-repeat":"repeat","background-position":"center center","background-size":"auto","background-attachment":"scroll","background-type":"","background-media":"","overlay-type":"","overlay-color":"","overlay-opacity":"","overlay-gradient":""},"tablet":{"background-color":"","background-image":"","background-repeat":"repeat","background-position":"center center","background-size":"auto","background-attachment":"scroll","background-type":"","background-media":"","overlay-type":"","overlay-color":"","overlay-opacity":"","overlay-gradient":""},"mobile":{"background-color":"","background-image":"","background-repeat":"repeat","background-position":"center center","background-size":"auto","background-attachment":"scroll","background-type":"","background-media":"","overlay-type":"","overlay-color":"","overlay-opacity":"","overlay-gradient":""}},"ast-content-background-meta":{"desktop":{"background-color":"var(--ast-global-color-5)","background-image":"","background-repeat":"repeat","background-position":"center center","background-size":"auto","background-attachment":"scroll","background-type":"","background-media":"","overlay-type":"","overlay-color":"","overlay-opacity":"","overlay-gradient":""},"tablet":{"background-color":"var(--ast-global-color-5)","background-image":"","background-repeat":"repeat","background-position":"center center","background-size":"auto","background-attachment":"scroll","background-type":"","background-media":"","overlay-type":"","overlay-color":"","overlay-opacity":"","overlay-gradient":""},"mobile":{"background-color":"var(--ast-global-color-5)","background-image":"","background-repeat":"repeat","background-position":"center center","background-size":"auto","background-attachment":"scroll","background-type":"","background-media":"","overlay-type":"","overlay-color":"","overlay-opacity":"","overlay-gradient":""}},"footnotes":""},"class_list":["post-404","page","type-page","status-publish","hentry"],"_links":{"self":[{"href":"https:\/\/tiempos-modernos.com.ar\/centro\/wp-json\/wp\/v2\/pages\/404","targetHints":{"allow":["GET"]}}],"collection":[{"href":"https:\/\/tiempos-modernos.com.ar\/centro\/wp-json\/wp\/v2\/pages"}],"about":[{"href":"https:\/\/tiempos-modernos.com.ar\/centro\/wp-json\/wp\/v2\/types\/page"}],"author":[{"embeddable":true,"href":"https:\/\/tiempos-modernos.com.ar\/centro\/wp-json\/wp\/v2\/users\/2"}],"replies":[{"embeddable":true,"href":"https:\/\/tiempos-modernos.com.ar\/centro\/wp-json\/wp\/v2\/comments?post=404"}],"version-history":[{"count":7,"href":"https:\/\/tiempos-modernos.com.ar\/centro\/wp-json\/wp\/v2\/pages\/404\/revisions"}],"predecessor-version":[{"id":411,"href":"https:\/\/tiempos-modernos.com.ar\/centro\/wp-json\/wp\/v2\/pages\/404\/revisions\/411"}],"wp:attachment":[{"href":"https:\/\/tiempos-modernos.com.ar\/centro\/wp-json\/wp\/v2\/media?parent=404"}],"curies":[{"name":"wp","href":"https:\/\/api.w.org\/{rel}","templated":true}]}}